{"id":107,"date":"2023-08-04T10:40:27","date_gmt":"2023-08-04T10:40:27","guid":{"rendered":"https:\/\/greenpaw.hu\/?page_id=107"},"modified":"2023-09-17T20:29:05","modified_gmt":"2023-09-17T20:29:05","slug":"contact","status":"publish","type":"page","link":"https:\/\/greenpaw.hu\/hu\/contact\/","title":{"rendered":"El\u00e9rhet\u0151s\u00e9g"},"content":{"rendered":"<p><strong>Ha azt akarod, hogy tiszta legyen a g\u00e9ped, irj nekem.<\/strong><\/p>\n\n\n\n<p>e-mail: <a href=\"mailto:info@greenpaw.hu\" target=\"_blank\" rel=\"noreferrer noopener\">info@greenpaw.hu<\/a><\/p>\n\n\n\n<p>viber\/whatsapp:+36\/20-380-4956<\/p>","protected":false},"excerpt":{"rendered":"<p>If you want your plane clean write me. e-mail: info@greenpaw.hu viber\/whatsapp:+36\/20-380-4956<\/p>","protected":false},"author":1,"featured_media":0,"parent":0,"menu_order":0,"comment_status":"closed","ping_status":"closed","template":"","meta":{"footnotes":""},"class_list":["post-107","page","type-page","status-publish","hentry"],"_links":{"self":[{"href":"https:\/\/greenpaw.hu\/hu\/wp-json\/wp\/v2\/pages\/107","targetHints":{"allow":["GET"]}}],"collection":[{"href":"https:\/\/greenpaw.hu\/hu\/wp-json\/wp\/v2\/pages"}],"about":[{"href":"https:\/\/greenpaw.hu\/hu\/wp-json\/wp\/v2\/types\/page"}],"author":[{"embeddable":true,"href":"https:\/\/greenpaw.hu\/hu\/wp-json\/wp\/v2\/users\/1"}],"replies":[{"embeddable":true,"href":"https:\/\/greenpaw.hu\/hu\/wp-json\/wp\/v2\/comments?post=107"}],"version-history":[{"count":0,"href":"https:\/\/greenpaw.hu\/hu\/wp-json\/wp\/v2\/pages\/107\/revisions"}],"wp:attachment":[{"href":"https:\/\/greenpaw.hu\/hu\/wp-json\/wp\/v2\/media?parent=107"}],"curies":[{"name":"wp","href":"https:\/\/api.w.org\/{rel}","templated":true}]}}